{"id":780,"date":"2019-03-07T02:41:28","date_gmt":"2019-03-07T02:41:28","guid":{"rendered":"https:\/\/www.impresionesmillenium.com\/tienda\/?post_type=product&#038;p=780"},"modified":"2026-03-06T01:37:54","modified_gmt":"2026-03-06T01:37:54","slug":"antologia-1-administracion-financiera-i-dn-0340","status":"publish","type":"product","link":"https:\/\/www.impresionesmillenium.com\/tienda\/product\/antologia-1-administracion-financiera-i-dn-0340\/","title":{"rendered":"Antolog\u00eda # 1 Administraci\u00f3n Financiera I DN-0340"},"content":{"rendered":"Estimado estudiante. Si ocupa que le enviemos su antolog\u00eda por Correos de Costa Rica, por favor colocar en el espacio Localidad, Provincia, el cant\u00f3n y distrito de su residencia. Igualmente escribir adecuadamente su c\u00f3digo postal. Dirigirse a la siguiente p\u00e1gina si no lo conoce :\u00a0<a href=\"https:\/\/correos.go.cr\/codigo-postal\/\">https:\/\/correos.go.cr\/codigo-postal<\/a>","protected":false},"excerpt":{"rendered":"<p>Estimado estudiante. Si ocupa que le enviemos su antolog\u00eda por Correos de Costa Rica, por favor colocar en el espacio Localidad, provincia, el cant\u00f3n y distrito de su residencia. Igualmente escribir adecuadamente su c\u00f3digo postal. Dirigirse a la siguiente p\u00e1gina si no lo conoce :\u00a0<a href=\"https:\/\/correos.go.cr\/codigo-postal\/\">https:\/\/correos.go.cr\/codigo-postal<\/a><\/p>\n","protected":false},"featured_media":903,"comment_status":"open","ping_status":"closed","template":"","meta":[],"product_brand":[],"product_cat":[42],"product_tag":[119,122,230,123],"class_list":{"0":"post-780","1":"product","2":"type-product","3":"status-publish","4":"has-post-thumbnail","6":"product_cat-escuela-de-administracion-de-negocios","7":"product_tag-prof-jorge-vargas","8":"product_tag-prof-max-leon","9":"product_tag-prof-pedro-amores","10":"product_tag-prof-roberto-sole","12":"first","13":"instock","14":"shipping-taxable","15":"purchasable","16":"product-type-simple"},"_links":{"self":[{"href":"https:\/\/www.impresionesmillenium.com\/tienda\/wp-json\/wp\/v2\/product\/780","targetHints":{"allow":["GET"]}}],"collection":[{"href":"https:\/\/www.impresionesmillenium.com\/tienda\/wp-json\/wp\/v2\/product"}],"about":[{"href":"https:\/\/www.impresionesmillenium.com\/tienda\/wp-json\/wp\/v2\/types\/product"}],"replies":[{"embeddable":true,"href":"https:\/\/www.impresionesmillenium.com\/tienda\/wp-json\/wp\/v2\/comments?post=780"}],"wp:featuredmedia":[{"embeddable":true,"href":"https:\/\/www.impresionesmillenium.com\/tienda\/wp-json\/wp\/v2\/media\/903"}],"wp:attachment":[{"href":"https:\/\/www.impresionesmillenium.com\/tienda\/wp-json\/wp\/v2\/media?parent=780"}],"wp:term":[{"taxonomy":"product_brand","embeddable":true,"href":"https:\/\/www.impresionesmillenium.com\/tienda\/wp-json\/wp\/v2\/product_brand?post=780"},{"taxonomy":"product_cat","embeddable":true,"href":"https:\/\/www.impresionesmillenium.com\/tienda\/wp-json\/wp\/v2\/product_cat?post=780"},{"taxonomy":"product_tag","embeddable":true,"href":"https:\/\/www.impresionesmillenium.com\/tienda\/wp-json\/wp\/v2\/product_tag?post=780"}],"curies":[{"name":"wp","href":"https:\/\/api.w.org\/{rel}","templated":true}]}}